{"id":370,"date":"2025-05-09T18:54:31","date_gmt":"2025-05-09T18:54:31","guid":{"rendered":"https:\/\/www.hundeschule-guessing.at\/?page_id=370"},"modified":"2025-05-09T18:54:31","modified_gmt":"2025-05-09T18:54:31","slug":"beate-muellner","status":"publish","type":"page","link":"https:\/\/www.hundeschule-guessing.at\/?page_id=370","title":{"rendered":"Beate M\u00fcllner"},"content":{"rendered":"\n<p>Ich bin die Schriftf\u00fchrerin im Verein und betreue unsere IBGH-1 Gruppe. Ich bin mit unserer Rottweilerh\u00fcndin Kessi aufgewachsen,  von der ich schon sehr viel \u00fcber Hundeverhalten und Hundeausbildung lernen durfte. Nach einer ausbildungs- und berufsbedingten Hundepause bin ich nun Co-Besitzerin des <a href=\"https:\/\/www.smooth-collie.at\/\" data-type=\"link\" data-id=\"https:\/\/www.smooth-collie.at\/\" target=\"_blank\" rel=\"noreferrer noopener\">Kurzhaar Collie R\u00fcden Thor<\/a> meiner Mutter. <\/p>\n\n\n\n<p>Ich halte mich mit Seminaren des \u00d6RV auf dem Laufenden und mein besonderes Interesse gilt dem Verhalten und der Gesundheit von Hunden. <\/p>\n\n\n\n<p>Gemeinsam mit Thor durfte ich auch Erfahrungen auf nationalen und internationalen Ausstellungen in der H\u00fctehunde-Lobby sammeln. <\/p>\n\n\n\n<figure class=\"wp-block-gallery has-nested-images columns-default is-cropped wp-block-gallery-1 is-layout-flex wp-block-gallery-is-layout-flex\">\n<figure class=\"wp-block-image size-large\"><img loading=\"lazy\" decoding=\"async\" width=\"1024\" height=\"683\" data-id=\"372\" src=\"https:\/\/www.hundeschule-guessing.at\/wp-content\/uploads\/2025\/05\/IMG_5605-1-1024x683.jpg\" alt=\"\" class=\"wp-image-372\" srcset=\"https:\/\/www.hundeschule-guessing.at\/wp-content\/uploads\/2025\/05\/IMG_5605-1-1024x683.jpg 1024w, https:\/\/www.hundeschule-guessing.at\/wp-content\/uploads\/2025\/05\/IMG_5605-1-300x200.jpg 300w, https:\/\/www.hundeschule-guessing.at\/wp-content\/uploads\/2025\/05\/IMG_5605-1-768x512.jpg 768w, https:\/\/www.hundeschule-guessing.at\/wp-content\/uploads\/2025\/05\/IMG_5605-1-1536x1024.jpg 1536w, https:\/\/www.hundeschule-guessing.at\/wp-content\/uploads\/2025\/05\/IMG_5605-1-2048x1365.jpg 2048w\" sizes=\"auto, (max-width: 1024px) 100vw, 1024px\" \/><\/figure>\n\n\n\n<figure class=\"wp-block-image size-large\"><img loading=\"lazy\" decoding=\"async\" width=\"1024\" height=\"649\" data-id=\"373\" src=\"https:\/\/www.hundeschule-guessing.at\/wp-content\/uploads\/2025\/05\/IMG_5597-1024x649.jpg\" alt=\"\" class=\"wp-image-373\" srcset=\"https:\/\/www.hundeschule-guessing.at\/wp-content\/uploads\/2025\/05\/IMG_5597-1024x649.jpg 1024w, https:\/\/www.hundeschule-guessing.at\/wp-content\/uploads\/2025\/05\/IMG_5597-300x190.jpg 300w, https:\/\/www.hundeschule-guessing.at\/wp-content\/uploads\/2025\/05\/IMG_5597-768x487.jpg 768w, https:\/\/www.hundeschule-guessing.at\/wp-content\/uploads\/2025\/05\/IMG_5597-1536x974.jpg 1536w, https:\/\/www.hundeschule-guessing.at\/wp-content\/uploads\/2025\/05\/IMG_5597-2048x1298.jpg 2048w\" sizes=\"auto, (max-width: 1024px) 100vw, 1024px\" \/><\/figure>\n<\/figure>\n\n\n\n<p><\/p>\n\n\n\n<p><\/p>\n","protected":false},"excerpt":{"rendered":"<p>Ich bin die Schriftf\u00fchrerin im Verein und betreue unsere IBGH-1 Gruppe. Ich bin mit unserer Rottweilerh\u00fcndin Kessi aufgewachsen, von der ich schon sehr viel \u00fcber Hundeverhalten und Hundeausbildung lernen durfte. Nach einer ausbildungs- und berufsbedingten Hundepause bin ich nun Co-Besitzerin des Kurzhaar Collie R\u00fcden Thor meiner Mutter. Ich halte mich mit Seminaren des \u00d6RV auf &hellip; <a href=\"https:\/\/www.hundeschule-guessing.at\/?page_id=370\" class=\"more-link\"><span class=\"screen-reader-text\">Beate M\u00fcllner<\/span> weiterlesen<\/a><\/p>\n","protected":false},"author":1,"featured_media":0,"parent":0,"menu_order":0,"comment_status":"closed","ping_status":"closed","template":"","meta":{"footnotes":""},"class_list":["post-370","page","type-page","status-publish","hentry"],"_links":{"self":[{"href":"https:\/\/www.hundeschule-guessing.at\/index.php?rest_route=\/wp\/v2\/pages\/370","targetHints":{"allow":["GET"]}}],"collection":[{"href":"https:\/\/www.hundeschule-guessing.at\/index.php?rest_route=\/wp\/v2\/pages"}],"about":[{"href":"https:\/\/www.hundeschule-guessing.at\/index.php?rest_route=\/wp\/v2\/types\/page"}],"author":[{"embeddable":true,"href":"https:\/\/www.hundeschule-guessing.at\/index.php?rest_route=\/wp\/v2\/users\/1"}],"replies":[{"embeddable":true,"href":"https:\/\/www.hundeschule-guessing.at\/index.php?rest_route=%2Fwp%2Fv2%2Fcomments&post=370"}],"version-history":[{"count":1,"href":"https:\/\/www.hundeschule-guessing.at\/index.php?rest_route=\/wp\/v2\/pages\/370\/revisions"}],"predecessor-version":[{"id":375,"href":"https:\/\/www.hundeschule-guessing.at\/index.php?rest_route=\/wp\/v2\/pages\/370\/revisions\/375"}],"wp:attachment":[{"href":"https:\/\/www.hundeschule-guessing.at\/index.php?rest_route=%2Fwp%2Fv2%2Fmedia&parent=370"}],"curies":[{"name":"wp","href":"https:\/\/api.w.org\/{rel}","templated":true}]}}